{"id":1062,"date":"2024-02-23T14:11:32","date_gmt":"2024-02-23T13:11:32","guid":{"rendered":"https:\/\/skinderskov.dk\/?page_id=1062"},"modified":"2024-02-23T14:34:01","modified_gmt":"2024-02-23T13:34:01","slug":"hoeringssvar-til-lokalplan-136","status":"publish","type":"page","link":"https:\/\/skinderskov.dk\/?page_id=1062","title":{"rendered":"H\u00f8ringssvar til lokalplan 136"},"content":{"rendered":"\n<p>En gruppe af beboere i den syd\u00f8stlige ende af Skinderskovvej har sammen udf\u00e6rdiget nedenst\u00e5ende f\u00e6lles h\u00f8ringssvar, som individuelt kan sendes til Herlev Kommune inden svarfristens udl\u00f8b den 26. februar 2024.<\/p>\n\n\n\n<p>H\u00f8ringssvaret indsendes til kommunen via f\u00f8lgende link (orange knap \u00f8verst til h\u00f8jre) : <a href=\"https:\/\/herlev.viewer.dkplan.niras.dk\/plan\/2#\/lokalplanid\/175\/15195\">https:\/\/herlev.viewer.dkplan.niras.dk\/plan\/2#\/lokalplanid\/175\/15195<\/a><\/p>\n\n\n\n<p>Allerede indkomne h\u00f8ringssvar kan ses p\u00e5 f\u00f8lgende link: <a href=\"https:\/\/herlev.viewer.dkplan.niras.dk\/plan\/2#\/lokalplanid\/175\/15195\">https:\/\/herlev.viewer.dkplan.niras.dk\/plan\/2#\/lokalplanid\/175\/15195<\/a><\/p>\n\n\n\n<p>Download nedenst\u00e5ende dokument (H\u00f8ringssvar ver. 1.pdf) og vedh\u00e6ft det til dit h\u00f8ringssvar.<br>PS: Menu til download findes ved at klikke p\u00e5 de &#8216;tre prikker&#8217; i \u00f8verste h\u00f8jre hj\u00f8rne af dokumentet<\/p>\n\n\n\n<div data-client-id=\"0b7f7fad1aa146c99d0bd886889b1221\" data-file-name=\"Hoeringssvar-ver.-1.pdf\" data-media-url=\"https:\/\/skinderskov.dk\/wp-content\/uploads\/2024\/02\/Hoeringssvar-ver.-1.pdf\" id=\"pdf-1\" class=\"wp-block-tropicalista-pdfembed\" style=\"height:500px\" data-apikey=\"fd954d04ea9b4b45bd151a08fb5c624b\" data-filename=\"Hoeringssvar-ver.-1.pdf\" data-mediaurl=\"https:\/\/skinderskov.dk\/wp-content\/uploads\/2024\/02\/Hoeringssvar-ver.-1.pdf\" data-embedmode=\"\" data-showdownloadpdf=\"true\" data-showprintpdf=\"true\" data-showpagecontrols=\"true\" data-showfullscreen=\"true\" data-dockpagecontrols=\"true\" data-showannotationtools=\"true\" data-enableformfilling=\"true\"><\/div>\n","protected":false},"excerpt":{"rendered":"<p>En gruppe af beboere i den syd\u00f8stlige ende af Skinderskovvej har sammen udf\u00e6rdiget nedenst\u00e5ende f\u00e6lles h\u00f8ringssvar, som individuelt kan sendes til Herlev Kommune inden svarfristens udl\u00f8b den 26. februar 2024. H\u00f8ringssvaret indsendes til kommunen via f\u00f8lgende link (orange knap \u00f8verst til h\u00f8jre) : https:\/\/herlev.viewer.dkplan.niras.dk\/plan\/2#\/lokalplanid\/175\/15195 Allerede indkomne h\u00f8ringssvar kan ses p\u00e5 f\u00f8lgende link: https:\/\/herlev.viewer.dkplan.niras.dk\/plan\/2#\/lokalplanid\/175\/15195 Download nedenst\u00e5ende [&hellip;]<\/p>\n","protected":false},"author":1,"featured_media":0,"parent":0,"menu_order":0,"comment_status":"closed","ping_status":"closed","template":"","meta":{"_acf_changed":false,"site-container-style":"default","site-container-layout":"default","site-sidebar-layout":"default","site-transparent-header":"default","disable-article-header":"default","disable-site-header":"default","disable-site-footer":"default","disable-content-area-spacing":"default","footnotes":""},"class_list":["post-1062","page","type-page","status-publish","hentry"],"acf":[],"_links":{"self":[{"href":"https:\/\/skinderskov.dk\/index.php?rest_route=\/wp\/v2\/pages\/1062","targetHints":{"allow":["GET"]}}],"collection":[{"href":"https:\/\/skinderskov.dk\/index.php?rest_route=\/wp\/v2\/pages"}],"about":[{"href":"https:\/\/skinderskov.dk\/index.php?rest_route=\/wp\/v2\/types\/page"}],"author":[{"embeddable":true,"href":"https:\/\/skinderskov.dk\/index.php?rest_route=\/wp\/v2\/users\/1"}],"replies":[{"embeddable":true,"href":"https:\/\/skinderskov.dk\/index.php?rest_route=%2Fwp%2Fv2%2Fcomments&post=1062"}],"version-history":[{"count":6,"href":"https:\/\/skinderskov.dk\/index.php?rest_route=\/wp\/v2\/pages\/1062\/revisions"}],"predecessor-version":[{"id":1074,"href":"https:\/\/skinderskov.dk\/index.php?rest_route=\/wp\/v2\/pages\/1062\/revisions\/1074"}],"wp:attachment":[{"href":"https:\/\/skinderskov.dk\/index.php?rest_route=%2Fwp%2Fv2%2Fmedia&parent=1062"}],"curies":[{"name":"wp","href":"https:\/\/api.w.org\/{rel}","templated":true}]}}