{"id":1051,"date":"2024-01-28T11:16:58","date_gmt":"2024-01-28T10:16:58","guid":{"rendered":"https:\/\/skinderskov.dk\/?page_id=1051"},"modified":"2024-01-28T11:28:01","modified_gmt":"2024-01-28T10:28:01","slug":"forslag-til-lokalplan-136-for-et-idraetsomraade-ved-skinderskovvej","status":"publish","type":"page","link":"https:\/\/skinderskov.dk\/?page_id=1051","title":{"rendered":"Forslag til lokalplan 136 for et idr\u00e6tsomr\u00e5de ved Skinderskovvej"},"content":{"rendered":"\n<p><a href=\"https:\/\/herlev.viewer.dkplan.niras.dk\/plan\/2#\/lokalplanid\/175\">Forslag til Lokalplan 136 kan l\u00e6ses her<\/a>.<\/p>\n\n\n\n<p>Kommunalbestyrelsen har den 17. januar 2024 vedtaget at sende forslag til lokalplan 136 for et idr\u00e6tsomr\u00e5de ved Skinderskovvej i offentlig h\u00f8ring i 5 uger fra den 19. januar 2024 til den 26. februar 2024.<br><br>Planforslaget er udarbejdet for at give mulighed for, at der kan opf\u00f8res flere idr\u00e6tsfaciliteter i omr\u00e5det. Lokalplanforslaget skal ogs\u00e5 sikre, at omr\u00e5det fortsat fremst\u00e5r gr\u00f8nt med markante tr\u00e6er og at brugere samt forbipasserende oplever omr\u00e5det som trygt og livligt.<\/p>\n\n\n\n<p><\/p>\n","protected":false},"excerpt":{"rendered":"<p>Forslag til Lokalplan 136 kan l\u00e6ses her. Kommunalbestyrelsen har den 17. januar 2024 vedtaget at sende forslag til lokalplan 136 for et idr\u00e6tsomr\u00e5de ved Skinderskovvej i offentlig h\u00f8ring i 5 uger fra den 19. januar 2024 til den 26. februar 2024. Planforslaget er udarbejdet for at give mulighed for, at der kan opf\u00f8res flere idr\u00e6tsfaciliteter [&hellip;]<\/p>\n","protected":false},"author":1,"featured_media":0,"parent":0,"menu_order":0,"comment_status":"closed","ping_status":"closed","template":"","meta":{"_acf_changed":false,"site-container-style":"default","site-container-layout":"default","site-sidebar-layout":"default","site-transparent-header":"default","disable-article-header":"default","disable-site-header":"default","disable-site-footer":"default","disable-content-area-spacing":"default","footnotes":""},"class_list":["post-1051","page","type-page","status-publish","hentry"],"acf":[],"_links":{"self":[{"href":"https:\/\/skinderskov.dk\/index.php?rest_route=\/wp\/v2\/pages\/1051","targetHints":{"allow":["GET"]}}],"collection":[{"href":"https:\/\/skinderskov.dk\/index.php?rest_route=\/wp\/v2\/pages"}],"about":[{"href":"https:\/\/skinderskov.dk\/index.php?rest_route=\/wp\/v2\/types\/page"}],"author":[{"embeddable":true,"href":"https:\/\/skinderskov.dk\/index.php?rest_route=\/wp\/v2\/users\/1"}],"replies":[{"embeddable":true,"href":"https:\/\/skinderskov.dk\/index.php?rest_route=%2Fwp%2Fv2%2Fcomments&post=1051"}],"version-history":[{"count":4,"href":"https:\/\/skinderskov.dk\/index.php?rest_route=\/wp\/v2\/pages\/1051\/revisions"}],"predecessor-version":[{"id":1058,"href":"https:\/\/skinderskov.dk\/index.php?rest_route=\/wp\/v2\/pages\/1051\/revisions\/1058"}],"wp:attachment":[{"href":"https:\/\/skinderskov.dk\/index.php?rest_route=%2Fwp%2Fv2%2Fmedia&parent=1051"}],"curies":[{"name":"wp","href":"https:\/\/api.w.org\/{rel}","templated":true}]}}